{"id":9917,"date":"2025-06-18T16:33:42","date_gmt":"2025-06-18T14:33:42","guid":{"rendered":"https:\/\/www.jerseyglobe.com\/?product=facil-de-llevar-sofisticado-moderno-mikal-bridges-phoenix-suns-nike-unisex-swingman-jersey-icon-edition-purple-white-para-lucir-en-el-estadio"},"modified":"2025-06-18T16:40:05","modified_gmt":"2025-06-18T14:40:05","slug":"facil-de-llevar-sofisticado-moderno-mikal-bridges-phoenix-suns-nike-unisex-swingman-jersey-icon-edition-purple-white-para-lucir-en-el-estadio","status":"publish","type":"product","link":"https:\/\/www.jerseyglobe.com\/?product=facil-de-llevar-sofisticado-moderno-mikal-bridges-phoenix-suns-nike-unisex-swingman-jersey-icon-edition-purple-white-para-lucir-en-el-estadio","title":{"rendered":"F\u00e1cil de llevar Sofisticado Moderno Mikal Bridges Phoenix Suns Nike Unisex Swingman Jersey Icon Edition Purple\/White  para lucir en el estadio"},"content":{"rendered":"<p>Pr\u00e1ctico Ideal Moderno Mikal Bridges Phoenix Suns Nike Unisex Swingman Jersey Icon Edition Purple\/White<\/p>\n<p>Sum\u00e9rgete en la emoci\u00f3n con esta camiseta. F\u00e1cil de llevar Sofisticado Moderno Mikal Bridges Phoenix Suns Nike Unisex Swingman Jersey Icon Edition Purple\/White. \u00a1No te la pierdas!<\/p>\n","protected":false},"excerpt":{"rendered":"<p>Pr\u00e1ctico Ideal Moderno Mikal Bridges Phoenix Suns Nike Unisex Swingman Jersey Icon Edition Purple\/White Sum\u00e9rgete en la emoci\u00f3n con esta camiseta. F\u00e1cil de llevar Sofisticado Moderno Mikal Bridges Phoenix Suns Nike Unisex Swingman Jersey Icon Edition Purple\/White. \u00a1No te la pierdas!<\/p>\n","protected":false},"featured_media":9924,"comment_status":"open","ping_status":"open","template":"","meta":[],"product_brand":[],"product_cat":[109,108],"product_tag":[78],"class_list":{"0":"post-9917","1":"product","2":"type-product","3":"status-publish","4":"has-post-thumbnail","6":"product_cat-jersey-phoenix-suns","7":"product_cat-phoenix-suns","8":"product_tag-jersey","9":"pa_size-2xl","10":"pa_size-3xl","11":"pa_size-l","12":"pa_size-m","13":"pa_size-s","14":"pa_size-xl","16":"first","17":"instock","18":"sale","19":"purchasable","20":"product-type-variable"},"yoast_head":"<!-- This site is optimized with the Yoast SEO Premium plugin v25.3 (Yoast SEO v27.3) - https:\/\/yoast.com\/product\/yoast-seo-premium-wordpress\/ -->\n<title>F\u00e1cil de llevar Sofisticado Moderno Mikal Bridges Phoenix Suns Nike Unisex Swingman Jersey Icon Edition Purple\/White para lucir en el estadio<\/title>\n<meta name=\"description\" content=\"Sum\u00e9rgete en la emoci\u00f3n con esta camiseta. F\u00e1cil de llevar Sofisticado Moderno Mikal Bridges Phoenix Suns Nike Unisex Swingman Jersey Icon Edition Purple\/White. \u00a1No te la pierdas!\" \/>\n<meta name=\"robots\" content=\"index, follow, max-snippet:-1, max-image-preview:large, max-video-preview:-1\" \/>\n<link rel=\"canonical\" href=\"https:\/\/www.jerseyglobe.com\/?product=facil-de-llevar-sofisticado-moderno-mikal-bridges-phoenix-suns-nike-unisex-swingman-jersey-icon-edition-purple-white-para-lucir-en-el-estadio\" \/>\n<meta property=\"og:locale\" content=\"es_ES\" \/>\n<meta property=\"og:type\" content=\"article\" \/>\n<meta property=\"og:title\" content=\"F\u00e1cil de llevar Sofisticado Moderno Mikal Bridges Phoenix Suns Nike Unisex Swingman Jersey Icon Edition Purple\/White para lucir en el estadio\" \/>\n<meta property=\"og:description\" content=\"Sum\u00e9rgete en la emoci\u00f3n con esta camiseta. F\u00e1cil de llevar Sofisticado Moderno Mikal Bridges Phoenix Suns Nike Unisex Swingman Jersey Icon Edition Purple\/White. \u00a1No te la pierdas!\" \/>\n<meta property=\"og:url\" content=\"https:\/\/www.jerseyglobe.com\/?product=facil-de-llevar-sofisticado-moderno-mikal-bridges-phoenix-suns-nike-unisex-swingman-jersey-icon-edition-purple-white-para-lucir-en-el-estadio\" \/>\n<meta property=\"og:site_name\" content=\"camiseta barata de la NBA - Tienda online\" \/>\n<meta property=\"article:modified_time\" content=\"2025-06-18T14:40:05+00:00\" \/>\n<meta property=\"og:image\" content=\"https:\/\/www.jerseyglobe.com\/wp-content\/uploads\/2025\/06\/Facil-de-llevar-Sofisticado-Moderno-Mikal-Bridges-Phoenix-Suns-Nike-Unisex-Swingman-Jersey-Icon-Edition-PurpleWhite-para-lucir-en-el-estadio.jpeg\" \/>\n\t<meta property=\"og:image:width\" content=\"600\" \/>\n\t<meta property=\"og:image:height\" content=\"600\" \/>\n\t<meta property=\"og:image:type\" content=\"image\/webp\" \/>\n<meta name=\"twitter:card\" content=\"summary_large_image\" \/>\n<meta name=\"twitter:title\" content=\"Pr\u00e1ctico Ideal Moderno Mikal Bridges Phoenix Suns Nike Unisex Swingman Jersey Icon Edition Purple\/White\" \/>\n<meta name=\"twitter:description\" content=\"Sum\u00e9rgete en la emoci\u00f3n con esta camiseta. F\u00e1cil de llevar Sofisticado Moderno Mikal Bridges Phoenix Suns Nike Unisex Swingman Jersey Icon Edition Purple\/White. \u00a1No te la pierdas!\" \/>\n<script type=\"application\/ld+json\" class=\"yoast-schema-graph\">{\"@context\":\"https:\\\/\\\/schema.org\",\"@graph\":[{\"@type\":\"WebPage\",\"@id\":\"https:\\\/\\\/www.jerseyglobe.com\\\/?product=facil-de-llevar-sofisticado-moderno-mikal-bridges-phoenix-suns-nike-unisex-swingman-jersey-icon-edition-purple-white-para-lucir-en-el-estadio\",\"url\":\"https:\\\/\\\/www.jerseyglobe.com\\\/?product=facil-de-llevar-sofisticado-moderno-mikal-bridges-phoenix-suns-nike-unisex-swingman-jersey-icon-edition-purple-white-para-lucir-en-el-estadio\",\"name\":\"F\u00e1cil de llevar Sofisticado Moderno Mikal Bridges Phoenix Suns Nike Unisex Swingman Jersey Icon Edition Purple\\\/White para lucir en el estadio\",\"isPartOf\":{\"@id\":\"https:\\\/\\\/www.jerseyglobe.com\\\/#website\"},\"primaryImageOfPage\":{\"@id\":\"https:\\\/\\\/www.jerseyglobe.com\\\/?product=facil-de-llevar-sofisticado-moderno-mikal-bridges-phoenix-suns-nike-unisex-swingman-jersey-icon-edition-purple-white-para-lucir-en-el-estadio#primaryimage\"},\"image\":{\"@id\":\"https:\\\/\\\/www.jerseyglobe.com\\\/?product=facil-de-llevar-sofisticado-moderno-mikal-bridges-phoenix-suns-nike-unisex-swingman-jersey-icon-edition-purple-white-para-lucir-en-el-estadio#primaryimage\"},\"thumbnailUrl\":\"https:\\\/\\\/www.jerseyglobe.com\\\/wp-content\\\/uploads\\\/2025\\\/06\\\/Facil-de-llevar-Sofisticado-Moderno-Mikal-Bridges-Phoenix-Suns-Nike-Unisex-Swingman-Jersey-Icon-Edition-PurpleWhite-para-lucir-en-el-estadio.jpeg\",\"datePublished\":\"2025-06-18T14:33:42+00:00\",\"dateModified\":\"2025-06-18T14:40:05+00:00\",\"description\":\"Sum\u00e9rgete en la emoci\u00f3n con esta camiseta. F\u00e1cil de llevar Sofisticado Moderno Mikal Bridges Phoenix Suns Nike Unisex Swingman Jersey Icon Edition Purple\\\/White. \u00a1No te la pierdas!\",\"breadcrumb\":{\"@id\":\"https:\\\/\\\/www.jerseyglobe.com\\\/?product=facil-de-llevar-sofisticado-moderno-mikal-bridges-phoenix-suns-nike-unisex-swingman-jersey-icon-edition-purple-white-para-lucir-en-el-estadio#breadcrumb\"},\"inLanguage\":\"es\",\"potentialAction\":[{\"@type\":\"ReadAction\",\"target\":[\"https:\\\/\\\/www.jerseyglobe.com\\\/?product=facil-de-llevar-sofisticado-moderno-mikal-bridges-phoenix-suns-nike-unisex-swingman-jersey-icon-edition-purple-white-para-lucir-en-el-estadio\"]}]},{\"@type\":\"ImageObject\",\"inLanguage\":\"es\",\"@id\":\"https:\\\/\\\/www.jerseyglobe.com\\\/?product=facil-de-llevar-sofisticado-moderno-mikal-bridges-phoenix-suns-nike-unisex-swingman-jersey-icon-edition-purple-white-para-lucir-en-el-estadio#primaryimage\",\"url\":\"https:\\\/\\\/www.jerseyglobe.com\\\/wp-content\\\/uploads\\\/2025\\\/06\\\/Facil-de-llevar-Sofisticado-Moderno-Mikal-Bridges-Phoenix-Suns-Nike-Unisex-Swingman-Jersey-Icon-Edition-PurpleWhite-para-lucir-en-el-estadio.jpeg\",\"contentUrl\":\"https:\\\/\\\/www.jerseyglobe.com\\\/wp-content\\\/uploads\\\/2025\\\/06\\\/Facil-de-llevar-Sofisticado-Moderno-Mikal-Bridges-Phoenix-Suns-Nike-Unisex-Swingman-Jersey-Icon-Edition-PurpleWhite-para-lucir-en-el-estadio.jpeg\",\"width\":600,\"height\":600,\"caption\":\"Pr\u00e1ctico Ideal Moderno Mikal Bridges Phoenix Suns Nike Unisex Swingman Jersey Icon Edition Purple\\\/White\"},{\"@type\":\"BreadcrumbList\",\"@id\":\"https:\\\/\\\/www.jerseyglobe.com\\\/?product=facil-de-llevar-sofisticado-moderno-mikal-bridges-phoenix-suns-nike-unisex-swingman-jersey-icon-edition-purple-white-para-lucir-en-el-estadio#breadcrumb\",\"itemListElement\":[{\"@type\":\"ListItem\",\"position\":1,\"name\":\"home\",\"item\":\"https:\\\/\\\/www.jerseyglobe.com\\\/\"},{\"@type\":\"ListItem\",\"position\":2,\"name\":\"Shop\",\"item\":\"https:\\\/\\\/www.jerseyglobe.com\\\/?page_id=10\"},{\"@type\":\"ListItem\",\"position\":3,\"name\":\"F\u00e1cil de llevar Sofisticado Moderno Mikal Bridges Phoenix Suns Nike Unisex Swingman Jersey Icon Edition Purple\\\/White para lucir en el estadio\"}]},{\"@type\":\"WebSite\",\"@id\":\"https:\\\/\\\/www.jerseyglobe.com\\\/#website\",\"url\":\"https:\\\/\\\/www.jerseyglobe.com\\\/\",\"name\":\"Cheap jersey - Online Shop\",\"description\":\"camiseta barata de la NBA\",\"potentialAction\":[{\"@type\":\"SearchAction\",\"target\":{\"@type\":\"EntryPoint\",\"urlTemplate\":\"https:\\\/\\\/www.jerseyglobe.com\\\/?s={search_term_string}\"},\"query-input\":{\"@type\":\"PropertyValueSpecification\",\"valueRequired\":true,\"valueName\":\"search_term_string\"}}],\"inLanguage\":\"es\"}]}<\/script>\n<!-- \/ Yoast SEO Premium plugin. -->","yoast_head_json":{"title":"F\u00e1cil de llevar Sofisticado Moderno Mikal Bridges Phoenix Suns Nike Unisex Swingman Jersey Icon Edition Purple\/White para lucir en el estadio","description":"Sum\u00e9rgete en la emoci\u00f3n con esta camiseta. F\u00e1cil de llevar Sofisticado Moderno Mikal Bridges Phoenix Suns Nike Unisex Swingman Jersey Icon Edition Purple\/White. \u00a1No te la pierdas!","robots":{"index":"index","follow":"follow","max-snippet":"max-snippet:-1","max-image-preview":"max-image-preview:large","max-video-preview":"max-video-preview:-1"},"canonical":"https:\/\/www.jerseyglobe.com\/?product=facil-de-llevar-sofisticado-moderno-mikal-bridges-phoenix-suns-nike-unisex-swingman-jersey-icon-edition-purple-white-para-lucir-en-el-estadio","og_locale":"es_ES","og_type":"article","og_title":"F\u00e1cil de llevar Sofisticado Moderno Mikal Bridges Phoenix Suns Nike Unisex Swingman Jersey Icon Edition Purple\/White para lucir en el estadio","og_description":"Sum\u00e9rgete en la emoci\u00f3n con esta camiseta. F\u00e1cil de llevar Sofisticado Moderno Mikal Bridges Phoenix Suns Nike Unisex Swingman Jersey Icon Edition Purple\/White. \u00a1No te la pierdas!","og_url":"https:\/\/www.jerseyglobe.com\/?product=facil-de-llevar-sofisticado-moderno-mikal-bridges-phoenix-suns-nike-unisex-swingman-jersey-icon-edition-purple-white-para-lucir-en-el-estadio","og_site_name":"camiseta barata de la NBA - Tienda online","article_modified_time":"2025-06-18T14:40:05+00:00","og_image":[{"width":600,"height":600,"url":"https:\/\/www.jerseyglobe.com\/wp-content\/uploads\/2025\/06\/Facil-de-llevar-Sofisticado-Moderno-Mikal-Bridges-Phoenix-Suns-Nike-Unisex-Swingman-Jersey-Icon-Edition-PurpleWhite-para-lucir-en-el-estadio.jpeg","type":"image\/webp"}],"twitter_card":"summary_large_image","twitter_title":"Pr\u00e1ctico Ideal Moderno Mikal Bridges Phoenix Suns Nike Unisex Swingman Jersey Icon Edition Purple\/White","twitter_description":"Sum\u00e9rgete en la emoci\u00f3n con esta camiseta. F\u00e1cil de llevar Sofisticado Moderno Mikal Bridges Phoenix Suns Nike Unisex Swingman Jersey Icon Edition Purple\/White. \u00a1No te la pierdas!","schema":{"@context":"https:\/\/schema.org","@graph":[{"@type":"WebPage","@id":"https:\/\/www.jerseyglobe.com\/?product=facil-de-llevar-sofisticado-moderno-mikal-bridges-phoenix-suns-nike-unisex-swingman-jersey-icon-edition-purple-white-para-lucir-en-el-estadio","url":"https:\/\/www.jerseyglobe.com\/?product=facil-de-llevar-sofisticado-moderno-mikal-bridges-phoenix-suns-nike-unisex-swingman-jersey-icon-edition-purple-white-para-lucir-en-el-estadio","name":"F\u00e1cil de llevar Sofisticado Moderno Mikal Bridges Phoenix Suns Nike Unisex Swingman Jersey Icon Edition Purple\/White para lucir en el estadio","isPartOf":{"@id":"https:\/\/www.jerseyglobe.com\/#website"},"primaryImageOfPage":{"@id":"https:\/\/www.jerseyglobe.com\/?product=facil-de-llevar-sofisticado-moderno-mikal-bridges-phoenix-suns-nike-unisex-swingman-jersey-icon-edition-purple-white-para-lucir-en-el-estadio#primaryimage"},"image":{"@id":"https:\/\/www.jerseyglobe.com\/?product=facil-de-llevar-sofisticado-moderno-mikal-bridges-phoenix-suns-nike-unisex-swingman-jersey-icon-edition-purple-white-para-lucir-en-el-estadio#primaryimage"},"thumbnailUrl":"https:\/\/www.jerseyglobe.com\/wp-content\/uploads\/2025\/06\/Facil-de-llevar-Sofisticado-Moderno-Mikal-Bridges-Phoenix-Suns-Nike-Unisex-Swingman-Jersey-Icon-Edition-PurpleWhite-para-lucir-en-el-estadio.jpeg","datePublished":"2025-06-18T14:33:42+00:00","dateModified":"2025-06-18T14:40:05+00:00","description":"Sum\u00e9rgete en la emoci\u00f3n con esta camiseta. F\u00e1cil de llevar Sofisticado Moderno Mikal Bridges Phoenix Suns Nike Unisex Swingman Jersey Icon Edition Purple\/White. \u00a1No te la pierdas!","breadcrumb":{"@id":"https:\/\/www.jerseyglobe.com\/?product=facil-de-llevar-sofisticado-moderno-mikal-bridges-phoenix-suns-nike-unisex-swingman-jersey-icon-edition-purple-white-para-lucir-en-el-estadio#breadcrumb"},"inLanguage":"es","potentialAction":[{"@type":"ReadAction","target":["https:\/\/www.jerseyglobe.com\/?product=facil-de-llevar-sofisticado-moderno-mikal-bridges-phoenix-suns-nike-unisex-swingman-jersey-icon-edition-purple-white-para-lucir-en-el-estadio"]}]},{"@type":"ImageObject","inLanguage":"es","@id":"https:\/\/www.jerseyglobe.com\/?product=facil-de-llevar-sofisticado-moderno-mikal-bridges-phoenix-suns-nike-unisex-swingman-jersey-icon-edition-purple-white-para-lucir-en-el-estadio#primaryimage","url":"https:\/\/www.jerseyglobe.com\/wp-content\/uploads\/2025\/06\/Facil-de-llevar-Sofisticado-Moderno-Mikal-Bridges-Phoenix-Suns-Nike-Unisex-Swingman-Jersey-Icon-Edition-PurpleWhite-para-lucir-en-el-estadio.jpeg","contentUrl":"https:\/\/www.jerseyglobe.com\/wp-content\/uploads\/2025\/06\/Facil-de-llevar-Sofisticado-Moderno-Mikal-Bridges-Phoenix-Suns-Nike-Unisex-Swingman-Jersey-Icon-Edition-PurpleWhite-para-lucir-en-el-estadio.jpeg","width":600,"height":600,"caption":"Pr\u00e1ctico Ideal Moderno Mikal Bridges Phoenix Suns Nike Unisex Swingman Jersey Icon Edition Purple\/White"},{"@type":"BreadcrumbList","@id":"https:\/\/www.jerseyglobe.com\/?product=facil-de-llevar-sofisticado-moderno-mikal-bridges-phoenix-suns-nike-unisex-swingman-jersey-icon-edition-purple-white-para-lucir-en-el-estadio#breadcrumb","itemListElement":[{"@type":"ListItem","position":1,"name":"home","item":"https:\/\/www.jerseyglobe.com\/"},{"@type":"ListItem","position":2,"name":"Shop","item":"https:\/\/www.jerseyglobe.com\/?page_id=10"},{"@type":"ListItem","position":3,"name":"F\u00e1cil de llevar Sofisticado Moderno Mikal Bridges Phoenix Suns Nike Unisex Swingman Jersey Icon Edition Purple\/White para lucir en el estadio"}]},{"@type":"WebSite","@id":"https:\/\/www.jerseyglobe.com\/#website","url":"https:\/\/www.jerseyglobe.com\/","name":"Cheap jersey - Online Shop","description":"camiseta barata de la NBA","potentialAction":[{"@type":"SearchAction","target":{"@type":"EntryPoint","urlTemplate":"https:\/\/www.jerseyglobe.com\/?s={search_term_string}"},"query-input":{"@type":"PropertyValueSpecification","valueRequired":true,"valueName":"search_term_string"}}],"inLanguage":"es"}]}},"_links":{"self":[{"href":"https:\/\/www.jerseyglobe.com\/index.php?rest_route=\/wp\/v2\/product\/9917","targetHints":{"allow":["GET"]}}],"collection":[{"href":"https:\/\/www.jerseyglobe.com\/index.php?rest_route=\/wp\/v2\/product"}],"about":[{"href":"https:\/\/www.jerseyglobe.com\/index.php?rest_route=\/wp\/v2\/types\/product"}],"replies":[{"embeddable":true,"href":"https:\/\/www.jerseyglobe.com\/index.php?rest_route=%2Fwp%2Fv2%2Fcomments&post=9917"}],"wp:featuredmedia":[{"embeddable":true,"href":"https:\/\/www.jerseyglobe.com\/index.php?rest_route=\/wp\/v2\/media\/9924"}],"wp:attachment":[{"href":"https:\/\/www.jerseyglobe.com\/index.php?rest_route=%2Fwp%2Fv2%2Fmedia&parent=9917"}],"wp:term":[{"taxonomy":"product_brand","embeddable":true,"href":"https:\/\/www.jerseyglobe.com\/index.php?rest_route=%2Fwp%2Fv2%2Fproduct_brand&post=9917"},{"taxonomy":"product_cat","embeddable":true,"href":"https:\/\/www.jerseyglobe.com\/index.php?rest_route=%2Fwp%2Fv2%2Fproduct_cat&post=9917"},{"taxonomy":"product_tag","embeddable":true,"href":"https:\/\/www.jerseyglobe.com\/index.php?rest_route=%2Fwp%2Fv2%2Fproduct_tag&post=9917"}],"curies":[{"name":"wp","href":"https:\/\/api.w.org\/{rel}","templated":true}]}}