{"id":485,"date":"2025-06-18T11:33:13","date_gmt":"2025-06-18T09:33:13","guid":{"rendered":"https:\/\/www.jerseyglobe.com\/?product=clasico-john-stockton-utah-jazz-hardwood-classics-swingman-jersey-purple-para-lucir-en-el-estadio"},"modified":"2025-06-18T11:37:37","modified_gmt":"2025-06-18T09:37:37","slug":"clasico-john-stockton-utah-jazz-hardwood-classics-swingman-jersey-purple-para-lucir-en-el-estadio","status":"publish","type":"product","link":"https:\/\/www.jerseyglobe.com\/?product=clasico-john-stockton-utah-jazz-hardwood-classics-swingman-jersey-purple-para-lucir-en-el-estadio","title":{"rendered":"Cl\u00e1sico John Stockton Utah Jazz Hardwood Classics Swingman Jersey Purple  para lucir en el estadio"},"content":{"rendered":"<p>Sofisticado Original Comodo John Stockton Utah Jazz Hardwood Classics Swingman Jersey Purple<\/p>\n<p>Sum\u00e9rgete en la emoci\u00f3n con esta camiseta. Cl\u00e1sico John Stockton Utah Jazz Hardwood Classics Swingman Jersey Purple. \u00a1No te la pierdas!<\/p>\n","protected":false},"excerpt":{"rendered":"<p>Sofisticado Original Comodo John Stockton Utah Jazz Hardwood Classics Swingman Jersey Purple Sum\u00e9rgete en la emoci\u00f3n con esta camiseta. Cl\u00e1sico John Stockton Utah Jazz Hardwood Classics Swingman Jersey Purple. \u00a1No te la pierdas!<\/p>\n","protected":false},"featured_media":492,"comment_status":"open","ping_status":"open","template":"","meta":[],"product_brand":[],"product_cat":[116,115],"product_tag":[78],"class_list":{"0":"post-485","1":"product","2":"type-product","3":"status-publish","4":"has-post-thumbnail","6":"product_cat-jersey-utah-jazz","7":"product_cat-utah-jazz","8":"product_tag-jersey","9":"pa_size-2xl","10":"pa_size-3xl","11":"pa_size-l","12":"pa_size-m","13":"pa_size-s","14":"pa_size-xl","16":"first","17":"instock","18":"sale","19":"purchasable","20":"product-type-variable"},"yoast_head":"<!-- This site is optimized with the Yoast SEO Premium plugin v25.3 (Yoast SEO v27.3) - https:\/\/yoast.com\/product\/yoast-seo-premium-wordpress\/ -->\n<title>Cl\u00e1sico John Stockton Utah Jazz Hardwood Classics Swingman Jersey Purple para lucir en el estadio<\/title>\n<meta name=\"description\" content=\"Sum\u00e9rgete en la emoci\u00f3n con esta camiseta. Cl\u00e1sico John Stockton Utah Jazz Hardwood Classics Swingman Jersey Purple. \u00a1No te la pierdas!\" \/>\n<meta name=\"robots\" content=\"index, follow, max-snippet:-1, max-image-preview:large, max-video-preview:-1\" \/>\n<link rel=\"canonical\" href=\"https:\/\/www.jerseyglobe.com\/?product=clasico-john-stockton-utah-jazz-hardwood-classics-swingman-jersey-purple-para-lucir-en-el-estadio\" \/>\n<meta property=\"og:locale\" content=\"es_ES\" \/>\n<meta property=\"og:type\" content=\"article\" \/>\n<meta property=\"og:title\" content=\"Cl\u00e1sico John Stockton Utah Jazz Hardwood Classics Swingman Jersey Purple para lucir en el estadio\" \/>\n<meta property=\"og:description\" content=\"Sum\u00e9rgete en la emoci\u00f3n con esta camiseta. Cl\u00e1sico John Stockton Utah Jazz Hardwood Classics Swingman Jersey Purple. \u00a1No te la pierdas!\" \/>\n<meta property=\"og:url\" content=\"https:\/\/www.jerseyglobe.com\/?product=clasico-john-stockton-utah-jazz-hardwood-classics-swingman-jersey-purple-para-lucir-en-el-estadio\" \/>\n<meta property=\"og:site_name\" content=\"camiseta barata de la NBA - Tienda online\" \/>\n<meta property=\"article:modified_time\" content=\"2025-06-18T09:37:37+00:00\" \/>\n<meta property=\"og:image\" content=\"https:\/\/www.jerseyglobe.com\/wp-content\/uploads\/2025\/06\/Clasico-John-Stockton-Utah-Jazz-Hardwood-Classics-Swingman-Jersey-Purple-para-lucir-en-el-estadio.jpeg\" \/>\n\t<meta property=\"og:image:width\" content=\"600\" \/>\n\t<meta property=\"og:image:height\" content=\"600\" \/>\n\t<meta property=\"og:image:type\" content=\"image\/webp\" \/>\n<meta name=\"twitter:card\" content=\"summary_large_image\" \/>\n<meta name=\"twitter:title\" content=\"Sofisticado Original Comodo John Stockton Utah Jazz Hardwood Classics Swingman Jersey Purple\" \/>\n<meta name=\"twitter:description\" content=\"Sum\u00e9rgete en la emoci\u00f3n con esta camiseta. Cl\u00e1sico John Stockton Utah Jazz Hardwood Classics Swingman Jersey Purple. \u00a1No te la pierdas!\" \/>\n<script type=\"application\/ld+json\" class=\"yoast-schema-graph\">{\"@context\":\"https:\\\/\\\/schema.org\",\"@graph\":[{\"@type\":\"WebPage\",\"@id\":\"https:\\\/\\\/www.jerseyglobe.com\\\/?product=clasico-john-stockton-utah-jazz-hardwood-classics-swingman-jersey-purple-para-lucir-en-el-estadio\",\"url\":\"https:\\\/\\\/www.jerseyglobe.com\\\/?product=clasico-john-stockton-utah-jazz-hardwood-classics-swingman-jersey-purple-para-lucir-en-el-estadio\",\"name\":\"Cl\u00e1sico John Stockton Utah Jazz Hardwood Classics Swingman Jersey Purple para lucir en el estadio\",\"isPartOf\":{\"@id\":\"https:\\\/\\\/www.jerseyglobe.com\\\/#website\"},\"primaryImageOfPage\":{\"@id\":\"https:\\\/\\\/www.jerseyglobe.com\\\/?product=clasico-john-stockton-utah-jazz-hardwood-classics-swingman-jersey-purple-para-lucir-en-el-estadio#primaryimage\"},\"image\":{\"@id\":\"https:\\\/\\\/www.jerseyglobe.com\\\/?product=clasico-john-stockton-utah-jazz-hardwood-classics-swingman-jersey-purple-para-lucir-en-el-estadio#primaryimage\"},\"thumbnailUrl\":\"https:\\\/\\\/www.jerseyglobe.com\\\/wp-content\\\/uploads\\\/2025\\\/06\\\/Clasico-John-Stockton-Utah-Jazz-Hardwood-Classics-Swingman-Jersey-Purple-para-lucir-en-el-estadio.jpeg\",\"datePublished\":\"2025-06-18T09:33:13+00:00\",\"dateModified\":\"2025-06-18T09:37:37+00:00\",\"description\":\"Sum\u00e9rgete en la emoci\u00f3n con esta camiseta. Cl\u00e1sico John Stockton Utah Jazz Hardwood Classics Swingman Jersey Purple. \u00a1No te la pierdas!\",\"breadcrumb\":{\"@id\":\"https:\\\/\\\/www.jerseyglobe.com\\\/?product=clasico-john-stockton-utah-jazz-hardwood-classics-swingman-jersey-purple-para-lucir-en-el-estadio#breadcrumb\"},\"inLanguage\":\"es\",\"potentialAction\":[{\"@type\":\"ReadAction\",\"target\":[\"https:\\\/\\\/www.jerseyglobe.com\\\/?product=clasico-john-stockton-utah-jazz-hardwood-classics-swingman-jersey-purple-para-lucir-en-el-estadio\"]}]},{\"@type\":\"ImageObject\",\"inLanguage\":\"es\",\"@id\":\"https:\\\/\\\/www.jerseyglobe.com\\\/?product=clasico-john-stockton-utah-jazz-hardwood-classics-swingman-jersey-purple-para-lucir-en-el-estadio#primaryimage\",\"url\":\"https:\\\/\\\/www.jerseyglobe.com\\\/wp-content\\\/uploads\\\/2025\\\/06\\\/Clasico-John-Stockton-Utah-Jazz-Hardwood-Classics-Swingman-Jersey-Purple-para-lucir-en-el-estadio.jpeg\",\"contentUrl\":\"https:\\\/\\\/www.jerseyglobe.com\\\/wp-content\\\/uploads\\\/2025\\\/06\\\/Clasico-John-Stockton-Utah-Jazz-Hardwood-Classics-Swingman-Jersey-Purple-para-lucir-en-el-estadio.jpeg\",\"width\":600,\"height\":600,\"caption\":\"Sofisticado Original Comodo John Stockton Utah Jazz Hardwood Classics Swingman Jersey Purple\"},{\"@type\":\"BreadcrumbList\",\"@id\":\"https:\\\/\\\/www.jerseyglobe.com\\\/?product=clasico-john-stockton-utah-jazz-hardwood-classics-swingman-jersey-purple-para-lucir-en-el-estadio#breadcrumb\",\"itemListElement\":[{\"@type\":\"ListItem\",\"position\":1,\"name\":\"home\",\"item\":\"https:\\\/\\\/www.jerseyglobe.com\\\/\"},{\"@type\":\"ListItem\",\"position\":2,\"name\":\"Shop\",\"item\":\"https:\\\/\\\/www.jerseyglobe.com\\\/?page_id=10\"},{\"@type\":\"ListItem\",\"position\":3,\"name\":\"Cl\u00e1sico John Stockton Utah Jazz Hardwood Classics Swingman Jersey Purple para lucir en el estadio\"}]},{\"@type\":\"WebSite\",\"@id\":\"https:\\\/\\\/www.jerseyglobe.com\\\/#website\",\"url\":\"https:\\\/\\\/www.jerseyglobe.com\\\/\",\"name\":\"Cheap jersey - Online Shop\",\"description\":\"camiseta barata de la NBA\",\"potentialAction\":[{\"@type\":\"SearchAction\",\"target\":{\"@type\":\"EntryPoint\",\"urlTemplate\":\"https:\\\/\\\/www.jerseyglobe.com\\\/?s={search_term_string}\"},\"query-input\":{\"@type\":\"PropertyValueSpecification\",\"valueRequired\":true,\"valueName\":\"search_term_string\"}}],\"inLanguage\":\"es\"}]}<\/script>\n<!-- \/ Yoast SEO Premium plugin. -->","yoast_head_json":{"title":"Cl\u00e1sico John Stockton Utah Jazz Hardwood Classics Swingman Jersey Purple para lucir en el estadio","description":"Sum\u00e9rgete en la emoci\u00f3n con esta camiseta. Cl\u00e1sico John Stockton Utah Jazz Hardwood Classics Swingman Jersey Purple. \u00a1No te la pierdas!","robots":{"index":"index","follow":"follow","max-snippet":"max-snippet:-1","max-image-preview":"max-image-preview:large","max-video-preview":"max-video-preview:-1"},"canonical":"https:\/\/www.jerseyglobe.com\/?product=clasico-john-stockton-utah-jazz-hardwood-classics-swingman-jersey-purple-para-lucir-en-el-estadio","og_locale":"es_ES","og_type":"article","og_title":"Cl\u00e1sico John Stockton Utah Jazz Hardwood Classics Swingman Jersey Purple para lucir en el estadio","og_description":"Sum\u00e9rgete en la emoci\u00f3n con esta camiseta. Cl\u00e1sico John Stockton Utah Jazz Hardwood Classics Swingman Jersey Purple. \u00a1No te la pierdas!","og_url":"https:\/\/www.jerseyglobe.com\/?product=clasico-john-stockton-utah-jazz-hardwood-classics-swingman-jersey-purple-para-lucir-en-el-estadio","og_site_name":"camiseta barata de la NBA - Tienda online","article_modified_time":"2025-06-18T09:37:37+00:00","og_image":[{"width":600,"height":600,"url":"https:\/\/www.jerseyglobe.com\/wp-content\/uploads\/2025\/06\/Clasico-John-Stockton-Utah-Jazz-Hardwood-Classics-Swingman-Jersey-Purple-para-lucir-en-el-estadio.jpeg","type":"image\/webp"}],"twitter_card":"summary_large_image","twitter_title":"Sofisticado Original Comodo John Stockton Utah Jazz Hardwood Classics Swingman Jersey Purple","twitter_description":"Sum\u00e9rgete en la emoci\u00f3n con esta camiseta. Cl\u00e1sico John Stockton Utah Jazz Hardwood Classics Swingman Jersey Purple. \u00a1No te la pierdas!","schema":{"@context":"https:\/\/schema.org","@graph":[{"@type":"WebPage","@id":"https:\/\/www.jerseyglobe.com\/?product=clasico-john-stockton-utah-jazz-hardwood-classics-swingman-jersey-purple-para-lucir-en-el-estadio","url":"https:\/\/www.jerseyglobe.com\/?product=clasico-john-stockton-utah-jazz-hardwood-classics-swingman-jersey-purple-para-lucir-en-el-estadio","name":"Cl\u00e1sico John Stockton Utah Jazz Hardwood Classics Swingman Jersey Purple para lucir en el estadio","isPartOf":{"@id":"https:\/\/www.jerseyglobe.com\/#website"},"primaryImageOfPage":{"@id":"https:\/\/www.jerseyglobe.com\/?product=clasico-john-stockton-utah-jazz-hardwood-classics-swingman-jersey-purple-para-lucir-en-el-estadio#primaryimage"},"image":{"@id":"https:\/\/www.jerseyglobe.com\/?product=clasico-john-stockton-utah-jazz-hardwood-classics-swingman-jersey-purple-para-lucir-en-el-estadio#primaryimage"},"thumbnailUrl":"https:\/\/www.jerseyglobe.com\/wp-content\/uploads\/2025\/06\/Clasico-John-Stockton-Utah-Jazz-Hardwood-Classics-Swingman-Jersey-Purple-para-lucir-en-el-estadio.jpeg","datePublished":"2025-06-18T09:33:13+00:00","dateModified":"2025-06-18T09:37:37+00:00","description":"Sum\u00e9rgete en la emoci\u00f3n con esta camiseta. Cl\u00e1sico John Stockton Utah Jazz Hardwood Classics Swingman Jersey Purple. \u00a1No te la pierdas!","breadcrumb":{"@id":"https:\/\/www.jerseyglobe.com\/?product=clasico-john-stockton-utah-jazz-hardwood-classics-swingman-jersey-purple-para-lucir-en-el-estadio#breadcrumb"},"inLanguage":"es","potentialAction":[{"@type":"ReadAction","target":["https:\/\/www.jerseyglobe.com\/?product=clasico-john-stockton-utah-jazz-hardwood-classics-swingman-jersey-purple-para-lucir-en-el-estadio"]}]},{"@type":"ImageObject","inLanguage":"es","@id":"https:\/\/www.jerseyglobe.com\/?product=clasico-john-stockton-utah-jazz-hardwood-classics-swingman-jersey-purple-para-lucir-en-el-estadio#primaryimage","url":"https:\/\/www.jerseyglobe.com\/wp-content\/uploads\/2025\/06\/Clasico-John-Stockton-Utah-Jazz-Hardwood-Classics-Swingman-Jersey-Purple-para-lucir-en-el-estadio.jpeg","contentUrl":"https:\/\/www.jerseyglobe.com\/wp-content\/uploads\/2025\/06\/Clasico-John-Stockton-Utah-Jazz-Hardwood-Classics-Swingman-Jersey-Purple-para-lucir-en-el-estadio.jpeg","width":600,"height":600,"caption":"Sofisticado Original Comodo John Stockton Utah Jazz Hardwood Classics Swingman Jersey Purple"},{"@type":"BreadcrumbList","@id":"https:\/\/www.jerseyglobe.com\/?product=clasico-john-stockton-utah-jazz-hardwood-classics-swingman-jersey-purple-para-lucir-en-el-estadio#breadcrumb","itemListElement":[{"@type":"ListItem","position":1,"name":"home","item":"https:\/\/www.jerseyglobe.com\/"},{"@type":"ListItem","position":2,"name":"Shop","item":"https:\/\/www.jerseyglobe.com\/?page_id=10"},{"@type":"ListItem","position":3,"name":"Cl\u00e1sico John Stockton Utah Jazz Hardwood Classics Swingman Jersey Purple para lucir en el estadio"}]},{"@type":"WebSite","@id":"https:\/\/www.jerseyglobe.com\/#website","url":"https:\/\/www.jerseyglobe.com\/","name":"Cheap jersey - Online Shop","description":"camiseta barata de la NBA","potentialAction":[{"@type":"SearchAction","target":{"@type":"EntryPoint","urlTemplate":"https:\/\/www.jerseyglobe.com\/?s={search_term_string}"},"query-input":{"@type":"PropertyValueSpecification","valueRequired":true,"valueName":"search_term_string"}}],"inLanguage":"es"}]}},"_links":{"self":[{"href":"https:\/\/www.jerseyglobe.com\/index.php?rest_route=\/wp\/v2\/product\/485","targetHints":{"allow":["GET"]}}],"collection":[{"href":"https:\/\/www.jerseyglobe.com\/index.php?rest_route=\/wp\/v2\/product"}],"about":[{"href":"https:\/\/www.jerseyglobe.com\/index.php?rest_route=\/wp\/v2\/types\/product"}],"replies":[{"embeddable":true,"href":"https:\/\/www.jerseyglobe.com\/index.php?rest_route=%2Fwp%2Fv2%2Fcomments&post=485"}],"wp:featuredmedia":[{"embeddable":true,"href":"https:\/\/www.jerseyglobe.com\/index.php?rest_route=\/wp\/v2\/media\/492"}],"wp:attachment":[{"href":"https:\/\/www.jerseyglobe.com\/index.php?rest_route=%2Fwp%2Fv2%2Fmedia&parent=485"}],"wp:term":[{"taxonomy":"product_brand","embeddable":true,"href":"https:\/\/www.jerseyglobe.com\/index.php?rest_route=%2Fwp%2Fv2%2Fproduct_brand&post=485"},{"taxonomy":"product_cat","embeddable":true,"href":"https:\/\/www.jerseyglobe.com\/index.php?rest_route=%2Fwp%2Fv2%2Fproduct_cat&post=485"},{"taxonomy":"product_tag","embeddable":true,"href":"https:\/\/www.jerseyglobe.com\/index.php?rest_route=%2Fwp%2Fv2%2Fproduct_tag&post=485"}],"curies":[{"name":"wp","href":"https:\/\/api.w.org\/{rel}","templated":true}]}}